{"id":21036,"date":"2022-06-18T10:11:26","date_gmt":"2022-06-18T10:11:26","guid":{"rendered":"https:\/\/demo.flawlessthemes.com\/jobstack\/index.php\/tos\/"},"modified":"2023-10-15T17:49:33","modified_gmt":"2023-10-15T17:49:33","slug":"tos","status":"publish","type":"page","link":"https:\/\/aurema-group.es\/trabajos\/tos\/","title":{"rendered":"T\u00e9rminos de servicio"},"content":{"rendered":"<p>Lea atentamente estos T\u00e9rminos de servicio (\u00abT\u00e9rminos\u00bb, \u00abT\u00e9rminos de servicio\u00bb) antes de utilizar el sitio web Aurema Group Empleos operado por Aurema . Su acceso y uso del Servicio est\u00e1 condicionado a su aceptaci\u00f3n y cumplimiento de estos T\u00e9rminos. Estos T\u00e9rminos se aplican a todos los visitantes, usuarios y otras personas que acceden o utilizan el Servicio.<\/p>\n<div style='text-align:center' class='yasr-auto-insert-visitor'><\/div>","protected":false},"excerpt":{"rendered":"<p>Lea atentamente estos T\u00e9rminos de servicio (\u00abT\u00e9rminos\u00bb, \u00abT\u00e9rminos de servicio\u00bb) antes de utilizar el sitio web Aurema Group Empleos operado por Aurema . Su acceso y uso del Servicio est\u00e1 condicionado a su aceptaci\u00f3n y cumplimiento de estos T\u00e9rminos. Estos T\u00e9rminos se aplican a todos los visitantes, usuarios y otras personas que acceden o utilizan<\/p>\n","protected":false},"author":1,"featured_media":0,"parent":0,"menu_order":0,"comment_status":"closed","ping_status":"closed","template":"","meta":{"yasr_overall_rating":0,"yasr_post_is_review":"","yasr_auto_insert_disabled":"","yasr_review_type":"","footnotes":""},"class_list":["post-21036","page","type-page","status-publish","hentry"],"yasr_visitor_votes":{"stars_attributes":{"read_only":false,"span_bottom":false},"number_of_votes":0,"sum_votes":0},"_links":{"self":[{"href":"https:\/\/aurema-group.es\/trabajos\/wp-json\/wp\/v2\/pages\/21036","targetHints":{"allow":["GET"]}}],"collection":[{"href":"https:\/\/aurema-group.es\/trabajos\/wp-json\/wp\/v2\/pages"}],"about":[{"href":"https:\/\/aurema-group.es\/trabajos\/wp-json\/wp\/v2\/types\/page"}],"author":[{"embeddable":true,"href":"https:\/\/aurema-group.es\/trabajos\/wp-json\/wp\/v2\/users\/1"}],"replies":[{"embeddable":true,"href":"https:\/\/aurema-group.es\/trabajos\/wp-json\/wp\/v2\/comments?post=21036"}],"version-history":[{"count":2,"href":"https:\/\/aurema-group.es\/trabajos\/wp-json\/wp\/v2\/pages\/21036\/revisions"}],"predecessor-version":[{"id":21360,"href":"https:\/\/aurema-group.es\/trabajos\/wp-json\/wp\/v2\/pages\/21036\/revisions\/21360"}],"wp:attachment":[{"href":"https:\/\/aurema-group.es\/trabajos\/wp-json\/wp\/v2\/media?parent=21036"}],"curies":[{"name":"wp","href":"https:\/\/api.w.org\/{rel}","templated":true}]}}