{"id":21397,"date":"2023-10-16T18:10:22","date_gmt":"2023-10-16T18:10:22","guid":{"rendered":"https:\/\/aurema-group.es\/trabajos\/?page_id=21397"},"modified":"2023-10-16T18:44:56","modified_gmt":"2023-10-16T18:44:56","slug":"anunciar-empleos-y-trabajos-para-profesionales","status":"publish","type":"page","link":"https:\/\/aurema-group.es\/trabajos\/anunciar-empleos-y-trabajos-para-profesionales\/","title":{"rendered":"Anunciar Empleos y Trabajos Para profesionales"},"content":{"rendered":"\t\t<div data-elementor-type=\"wp-page\" data-elementor-id=\"21397\" class=\"elementor elementor-21397\">\n\t\t\t\t<div class=\"elementor-element elementor-element-5a6cb7a e-flex e-con-boxed e-con e-parent\" data-id=\"5a6cb7a\" data-element_type=\"container\" data-e-type=\"container\">\n\t\t\t\t\t<div class=\"e-con-inner\">\n\t\t\t\t\t<\/div>\n\t\t\t\t<\/div>\n\t\t<div class=\"elementor-element elementor-element-2f1dc1f e-flex e-con-boxed e-con e-parent\" data-id=\"2f1dc1f\" data-element_type=\"container\" data-e-type=\"container\">\n\t\t\t\t\t<div class=\"e-con-inner\">\n\t\t\t\t\t<\/div>\n\t\t\t\t<\/div>\n\t\t<div class=\"elementor-element elementor-element-c7d0651 e-flex e-con-boxed e-con e-parent\" data-id=\"c7d0651\" data-element_type=\"container\" data-e-type=\"container\">\n\t\t\t\t\t<div class=\"e-con-inner\">\n\t\t\t\t\t<\/div>\n\t\t\t\t<\/div>\n\t\t\t\t<\/div>\n\t\t<div style='text-align:center' class='yasr-auto-insert-visitor'><\/div>","protected":false},"excerpt":{"rendered":"<p>By Aurema Group octubre 16, 2023 Blog Los curr\u00edculums a trav\u00e9s del tiempo Hab\u00eda una vez, en un mundo no tan lejano, donde los Read more By Aurema Group octubre 15, 2023 Blog CREAR UN VIDEO DE PERFIL Y PUBLICARLO PARA ENCONTRAR EMPLEO Crear un video de perfil Y publicarlo para buscar empleo. Crear Read<\/p>\n","protected":false},"author":1,"featured_media":0,"parent":0,"menu_order":0,"comment_status":"closed","ping_status":"closed","template":"","meta":{"yasr_overall_rating":5,"yasr_post_is_review":"","yasr_auto_insert_disabled":"","yasr_review_type":"","footnotes":""},"class_list":["post-21397","page","type-page","status-publish","hentry"],"yasr_visitor_votes":{"stars_attributes":{"read_only":false,"span_bottom":false},"number_of_votes":1,"sum_votes":5},"_links":{"self":[{"href":"https:\/\/aurema-group.es\/trabajos\/wp-json\/wp\/v2\/pages\/21397","targetHints":{"allow":["GET"]}}],"collection":[{"href":"https:\/\/aurema-group.es\/trabajos\/wp-json\/wp\/v2\/pages"}],"about":[{"href":"https:\/\/aurema-group.es\/trabajos\/wp-json\/wp\/v2\/types\/page"}],"author":[{"embeddable":true,"href":"https:\/\/aurema-group.es\/trabajos\/wp-json\/wp\/v2\/users\/1"}],"replies":[{"embeddable":true,"href":"https:\/\/aurema-group.es\/trabajos\/wp-json\/wp\/v2\/comments?post=21397"}],"version-history":[{"count":25,"href":"https:\/\/aurema-group.es\/trabajos\/wp-json\/wp\/v2\/pages\/21397\/revisions"}],"predecessor-version":[{"id":21428,"href":"https:\/\/aurema-group.es\/trabajos\/wp-json\/wp\/v2\/pages\/21397\/revisions\/21428"}],"wp:attachment":[{"href":"https:\/\/aurema-group.es\/trabajos\/wp-json\/wp\/v2\/media?parent=21397"}],"curies":[{"name":"wp","href":"https:\/\/api.w.org\/{rel}","templated":true}]}}