{"id":21459,"date":"2023-11-26T17:23:33","date_gmt":"2023-11-26T17:23:33","guid":{"rendered":"https:\/\/aurema-group.es\/trabajos\/members\/"},"modified":"2023-11-26T17:23:33","modified_gmt":"2023-11-26T17:23:33","slug":"members","status":"publish","type":"page","link":"https:\/\/aurema-group.es\/trabajos\/members\/","title":{"rendered":"Miembros"},"content":{"rendered":"<div id=\"peepso-wrap\" class=\"container-fluid\"><div class=\"peepso\">\n\t<div class=\"ps-page ps-page--members\">\n\t\t\n    \t\t\n<!-- PeepSo Login Panel -->\n<div class=\"ps-landing\">\n  \n  <div class=\"ps-lading__inner\">\n        <div class=\"ps-landing__cover\" style=\"background-image:url('https:\/\/aurema-group.es\/trabajos\/wp-content\/plugins\/peepso-core\/assets\/images\/landing\/register-bg.jpg')\">\n      <div class=\"ps-landing__cover-inner\">\n        <div class=\"ps-landing__content\">\n          <div class=\"ps-landing__title\">\n                          \u00a1Conectarse!                      <\/div>\n          <div class=\"ps-landing__text\">\n                          Ven y \u00fanete a nuestra comunidad. \u00a1Ampl\u00eda tu red  encuentra tu trabajo y conoce gente nueva!                      <\/div>\n        <\/div>\n\n                <div class=\"ps-landing__actions\">\n          <a class=\"ps-btn ps-btn--sm ps-btn--cp ps-btn--join\" href=\"https:\/\/aurema-group.es\/trabajos\/register\/\">\n            \u00danete a nosotros ahora!          <\/a>\n        <\/div>\n              <\/div>\n    <\/div>\n    \n    <div class=\"ps-landing__form psf-login psf-login--inline\">\n  <form class=\"ps-form ps-form--login ps-js-form-login\" action=\"\" onsubmit=\"return false;\" method=\"post\" name=\"login\" id=\"ps-form-login-main\">\n    <div class=\"ps-form__row\">\n      <!-- Login -->\n      <div class=\"ps-form__field ps-form__field--icon ps-js-username-field\">\n        <div class=\"ps-input__wrapper--icon\">\n            <input class=\"ps-input ps-input--sm ps-input--icon\" type=\"text\" name=\"username\" placeholder=\"Nombre de usuario o correo electr\u00f3nico\" mouseev=\"true\"\n              autocomplete=\"off\" keyev=\"true\" clickev=\"true\" \/>\n                        <i class=\"gcis gci-user\"><\/i>\n                    <\/div>\n              <\/div>\n\n      <!-- Password -->\n      <div class=\"ps-form__field ps-form__field--icon ps-js-password-field\">\n        <input class=\"ps-input ps-input--sm ps-input--icon \"\n            type=\"password\" name=\"password\" placeholder=\"Contrase\u00f1a\" mouseev=\"true\"\n            autocomplete=\"off\" keyev=\"true\" clickev=\"true\" \/>\n        <i class=\"gcis gci-key\"><\/i>\n      <\/div>\n\n            \n      <!-- Submit form -->\n      <div class=\"ps-form__field ps-form__field--submit ps-js-password-field\">\n                <button type=\"submit\"\n            class=\"ps-btn ps-btn--sm ps-btn--action ps-btn--login ps-btn--loading \"\n            >\n          <span>Inicio de sesi\u00f3n<\/span>\n          <img decoding=\"async\" src=\"https:\/\/aurema-group.es\/trabajos\/wp-content\/plugins\/peepso-core\/assets\/images\/ajax-loader.gif\">\n        <\/button>\n      <\/div>\n    <\/div>\n\n    <!-- Remember password -->\n    <div class=\"ps-checkbox ps-checkbox--login\">\n      <input class=\"ps-checkbox__input\" type=\"checkbox\" alt=\"Acu\u00e9rdate de m\u00ed\" value=\"yes\" name=\"remember\" id=\"ps-form-login-main-remember\" >\n      <label class=\"ps-checkbox__label\" for=\"ps-form-login-main-remember\">Acu\u00e9rdate de m\u00ed<\/label>\n    <\/div>\n\n    <div class=\"psf-login__links\">\n      \n            <a class=\"psf-login__link psf-login__link--register\" href=\"https:\/\/aurema-group.es\/trabajos\/register\/\">Registro<\/a>\n      \n      <a class=\"psf-login__link psf-login__link--recover\" href=\"https:\/\/aurema-group.es\/trabajos\/password-recover\/\">Olvid\u00f3 la contrase\u00f1a<\/a>\n\n            <a class=\"psf-login__link psf-login__link--activation ps-js-register-activation\" href=\"https:\/\/aurema-group.es\/trabajos\/register\/?resend\">Reenviar c\u00f3digo de activaci\u00f3n<\/a>\n          <\/div>\n\n    <div class=\"ps-alert errlogin calert clear alert-error\" style=\"display:none\"><\/div>\n    <input type=\"hidden\" name=\"option\" value=\"ps_users\" \/>\n    <input type=\"hidden\" name=\"task\" value=\"-user-login\" \/>\n    <input type=\"hidden\" name=\"redirect_to\" value=\"\" \/>\n    <input type=\"hidden\" name=\"security\" value=\"c1bd3f6aaa\" \/><input type=\"hidden\" name=\"_wp_http_referer\" value=\"\/trabajos\/wp-json\/wp\/v2\/pages\/21459\" \/>\n      <\/form>\n  <\/div>\n\n<script>\n    (function() {\n        function initLoginForm( $ ) {\n            peepso.login.initForm( $('.ps-js-form-login') );\n\n            $(function() {\n\n                var $nav = $('.wp-social-login-widget');\n                var $wrap = $('.ps-js--wsl');\n                var $btn = $('.ps-js--wsl .ps-btn');\n                var $vlinks = $('.ps-js--wsl .wp-social-login-provider-list');\n                var $hlinks = $('.ps-js--wsl .hidden-links');\n                var $hdrop = $('.ps-js--wsl .ps-widget--wsl-dropdown');\n\n                var numOfItems = 0;\n                var totalSpace = 0;\n                var breakWidths = [];\n\n                \/\/ Get initial state\n                $vlinks.children().outerWidth(function(i, w) {\n                    totalSpace += w;\n                    numOfItems += 1;\n                    breakWidths.push(totalSpace);\n                });\n\n                var availableSpace, numOfVisibleItems, requiredSpace;\n\n                function check() {\n                    \/\/ Get instant state\n                    availableSpace = $vlinks.width() - 40;\n                    numOfVisibleItems = $vlinks.children().length;\n                    requiredSpace = breakWidths[numOfVisibleItems - 1];\n\n                    \/\/ There is not enought space\n                    if (requiredSpace > availableSpace) {\n                        $vlinks.children().last().prependTo($hlinks);\n                        numOfVisibleItems -= 1;\n                        check();\n                        \/\/ There is more than enough space\n                    } else if (availableSpace > breakWidths[numOfVisibleItems]) {\n                        $hlinks.children().first().appendTo($vlinks);\n                        numOfVisibleItems += 1;\n                    }\n\n                    \/\/ Update the button accordingly\n                    $btn.attr(\"count\", numOfItems - numOfVisibleItems);\n                    if (numOfVisibleItems === numOfItems) {\n                        $btn.addClass('hidden');\n                        $wrap.removeClass('has-more');\n                    } else $btn.removeClass('hidden'), $wrap.addClass('has-more');\n                }\n\n                \/\/ Window listeners\n                $(window).resize(function() {\n                    check();\n                });\n\n                $btn.on('click', function() {\n                    $hlinks.toggleClass('hidden');\n                    $hdrop.toggleClass('hidden');\n                });\n\n                check();\n\n            });\n        }\n\n        \/\/ naively check if jQuery exist to prevent error\n        var timer = setInterval(function() {\n            if ( window.jQuery && window.peepso ) {\n                clearInterval( timer );\n                initLoginForm( window.jQuery );\n            }\n        }, 1000 );\n\n    })();\n<\/script>\n  <\/div>\n<\/div>\n<!-- end: PeepSo Login Panel -->\n\n\n\t\t\t<\/div>\n<\/div>\n<noscript>\n<div class=\"alert alert-error pstd-important\">\n\t<span style=\"color: #ff0000;\">Please Note:<\/span> this website requires the use of Javascript\n\tfor proper operation. Please enable Javascript in order to experience the full capabilities\n\tof the application.\n\tThank you!\n<\/div>\n<\/noscript>\n<div id=\"ps-dialogs\" style=\"display:none\">\n\t<div id=\"ajax-loader-gif\" style=\"display:none;\">\n\t\t<div class=\"ps-loading-image\">\n\t\t\t<img decoding=\"async\" src=\"https:\/\/aurema-group.es\/trabajos\/wp-content\/plugins\/peepso-core\/assets\/images\/ajax-loader.gif\" alt=\"\">\n\t\t\t<div> <\/div>\n\t\t<\/div>\n\t<\/div>\n\t<div id=\"ps-dialog-comment\">\n\t\t<div data-type=\"stream-newcomment\" class=\"cstream-form stream-form wallform \" data-formblock=\"true\" style=\"display: block;\">\n\t\t\t<form class=\"reset-gap\">\n\t\t\t\t<div class=\"cstream-form-submit\">\n\t\t\t\t\t<a href=\"#\" data-action=\"cancel\" onclick=\"return activity.comment_cancel(); return false;\" class=\"ps-btn ps-btn-small cstream-form-cancel\">Cancelar<\/a>\n\t\t\t\t\t<button data-action=\"save\" onclick=\"return activity.comment_save();\" class=\"ps-btn ps-btn-small ps-btn-primary\">Enviar comentario<\/button>\n\t\t\t\t<\/div>\n\t\t\t<\/form>\n\t\t<\/div>\n\t<\/div>\n\n\t<div id=\"ps-report-dialog\">\n\t\t<div id=\"activity-report-title\">Reportar<\/div>\n\t\t<div id=\"activity-report-content\">\n\t\t\t<div id=\"postbox-report-popup\">\n\t\t\t\t<div>Motivo de reporte:<\/div>\n\t\t\t\t<div class=\"ps-text--danger\"><select class=\"ps-input ps-input--sm ps-input--select ps-js-report-type\">\n<option value=\"\">-seleccionar el motivo-<\/option>\n<option value=\"Spamming\" data-need-reason=\"0\">Spamming<\/option><option value=\"Advertisement\" data-need-reason=\"0\">Advertisement<\/option><option value=\"Profanity\" data-need-reason=\"0\">Profanity<\/option><option value=\"Inappropriate Content\/Abusive\" data-need-reason=\"0\">Inappropriate Content\/Abusive<\/option><option value=\"Other\" data-need-reason=\"1\">Otros<\/option><\/select>\n<div class=\"ps-js-report-desc\"><textarea class=\"ps-input ps-input--textarea\" maxlength=\"250\" placeholder=\"Descripci\u00f3n del informe...\"><\/textarea><div class=\"ps-form__chars-count ps-js-counter\"><\/div><\/div><div class=\"ps-alert ps-alert--abort ps-js-report-error\" style=\"display:none\"><\/div><\/div>\n\t\t\t\t<div class=\"ps-alert\" style=\"display:none\"><\/div>\n\t\t\t\t<input type=\"hidden\" id=\"postbox-post-id\" name=\"post_id\" value=\"{post-id}\" \/>\n\t\t\t<\/div>\n\t\t<\/div>\n\t\t<div id=\"activity-report-actions\">\n\t\t\t<button type=\"button\" name=\"rep_cacel\" class=\"ps-btn ps-btn-small ps-button-cancel\" onclick=\"pswindow.hide(); return false;\">Cancelar<\/button>\n\t\t\t<button type=\"button\" name=\"rep_submit\" class=\"ps-btn ps-btn-small ps-button-action\" onclick=\"activity.submit_report(); return false;\">Enviar Reporte<\/button>\n\t\t<\/div>\n\t<\/div>\n\n\t<span id=\"report-error-select-reason\">ERROR: Por favor seleccione el motivo para reportar.<\/span>\n\t<span id=\"report-error-empty-reason\">ERROR: Por favor, especifica el Motivo del informe.<\/span>\n\n\t<div id=\"ps-share-dialog\">\n\t\t<div id=\"share-dialog-title\">Compartir...<\/div>\n\t\t<div id=\"share-dialog-content\">\n\t\t\t<div class=\"ps-sharebox\">\n<a class=\"ps-sharebox__item  ps-js-copy-link  internal   ps-tooltip ps-tooltip--permalink \" data-tooltip=\"Haga clic para copiar\" data-tooltip-initial=\"Haga clic para copiar\" data-tooltip-success=\"Copiada!\" href=\"--peepso-url--\" target=\"_blank\">\n<span class=\"ps-sharebox__icon ps-icon--social\" ><i class=\"gcis gci-link\"><\/i><\/span> <span class=\"ps-sharebox__title\">Copiar enlace<\/span>\n<a class=\"ps-sharebox__item  \" data-tooltip=\"\" data-tooltip-initial=\"\" data-tooltip-success=\"\" href=\"https:\/\/www.facebook.com\/sharer.php?u=--peepso-url--\" target=\"_blank\">\n<span class=\"ps-sharebox__icon ps-icon--social\" ><i class=\"gcib gci-facebook-f\"><\/i><\/span> <span class=\"ps-sharebox__title\">Facebook<\/span>\n<a class=\"ps-sharebox__item  \" data-tooltip=\"\" data-tooltip-initial=\"\" data-tooltip-success=\"\" href=\"https:\/\/twitter.com\/share?url=--peepso-url--\" target=\"_blank\">\n<span class=\"ps-sharebox__icon ps-icon--social\" ><i class=\"gcib gci-twitter\"><\/i><\/span> <span class=\"ps-sharebox__title\">Twitter<\/span>\n<a class=\"ps-sharebox__item  \" data-tooltip=\"\" data-tooltip-initial=\"\" data-tooltip-success=\"\" href=\"https:\/\/www.linkedin.com\/shareArticle?mini=true&url=--peepso-url--&source=Trabajos\" target=\"_blank\">\n<span class=\"ps-sharebox__icon ps-icon--social\" ><i class=\"gcib gci-linkedin\"><\/i><\/span> <span class=\"ps-sharebox__title\">LinkedIn<\/span>\n<a class=\"ps-sharebox__item  \" data-tooltip=\"\" data-tooltip-initial=\"\" data-tooltip-success=\"\" href=\"https:\/\/www.reddit.com\/submit?url=--peepso-url--\" target=\"_blank\">\n<span class=\"ps-sharebox__icon ps-icon--social\" ><i class=\"gcib gci-reddit-alien\"><\/i><\/span> <span class=\"ps-sharebox__title\">Reddit<\/span>\n<a class=\"ps-sharebox__item  \" data-tooltip=\"\" data-tooltip-initial=\"\" data-tooltip-success=\"\" href=\"https:\/\/pinterest.com\/pin\/create\/link\/?url=--peepso-url--\" target=\"_blank\">\n<span class=\"ps-sharebox__icon ps-icon--social\" ><i class=\"gcib gci-pinterest-p\"><\/i><\/span> <span class=\"ps-sharebox__title\">Pinterest<\/span>\n<a class=\"ps-sharebox__item  \" data-tooltip=\"\" data-tooltip-initial=\"\" data-tooltip-success=\"\" href=\"https:\/\/api.whatsapp.com\/send?text=--peepso-url--\" target=\"_blank\">\n<span class=\"ps-sharebox__icon ps-icon--social\" ><i class=\"gcib gci-whatsapp\"><\/i><\/span> <span class=\"ps-sharebox__title\">WhatsApp<\/span>\n<a class=\"ps-sharebox__item  \" data-tooltip=\"\" data-tooltip-initial=\"\" data-tooltip-success=\"\" href=\"https:\/\/t.me\/share\/url?url=--peepso-url--\" target=\"_blank\">\n<span class=\"ps-sharebox__icon ps-icon--social\" ><i class=\"gcib gci-telegram\"><\/i><\/span> <span class=\"ps-sharebox__title\">Telegram<\/span>\n<\/div>\n\t\t<\/div>\n\t<\/div>\n\n\t<div id=\"default-delete-dialog\">\n\t\t<div id=\"default-delete-title\">\u00bfEst\u00e1s seguro?<\/div>\n\t\t<div id=\"default-delete-content\">\n\t\t\t\u00bfEst\u00e1 seguro que desea eliminar esto?\t\t<\/div>\n\t\t<div id=\"default-delete-actions\">\n\t\t\t<button type=\"button\" class=\"ps-btn ps-btn-small ps-button-cancel\" onclick=\"pswindow.hide(); return false;\">Cancelar<\/button>\n\t\t\t<button type=\"button\" class=\"ps-btn ps-btn-small ps-button-action\" onclick=\"pswindow.do_delete();\">Eliminar<\/button>\n\t\t<\/div>\n\t<\/div>\n\n\t<div id=\"default-acknowledge-dialog\">\n\t\t<div id=\"default-acknowledge-title\">Confirmar<\/div>\n\t\t<div id=\"default-acknowledge-content\">\n\t\t\t<div>{content}<\/div>\n\t\t<\/div>\n\t\t<div id=\"default-acknowledge-actions\">\n\t\t\t<button type=\"button\" class=\"ps-btn ps-btn-small ps-button-action\" onclick=\"return pswindow.hide();\">Est\u00e1 bien<\/button>\n\t\t<\/div>\n\t<\/div>\n\n\t<div id=\"ps-profile-delete-dialog\">\n\t\t<div id=\"profile-delete-title\">\u00bfEst\u00e1s seguro?<\/div>\n\t\t<div id=\"profile-delete-content\">\n\t\t\t<div>\n\t\t\t\t<h4 class=\"ps-page__body-title\">\u00bfEst\u00e1 seguro que desea eliminar su perfil?<\/h4>\n\n\t\t\t\t<p>Esto eliminar\u00e1 todas sus publicaciones, informaci\u00f3n guardada y borrar\u00e1 su cuenta.<\/p>\n\n\t\t\t\t<p><em class=\"ps-text--danger\">Esta acci\u00f3n no se puede deshacer.<\/em><\/p>\n\n\t\t\t\t<button type=\"button\" name=\"rep_cacel\" class=\"ps-btn ps-button-cancel\" onclick=\"pswindow.hide(); return false;\">Cancelar<\/button>\n\t\t\t\t&nbsp;\n\t\t\t\t<button type=\"button\" name=\"rep_submit\" class=\"ps-btn ps-button-action\" onclick=\"profile.delete_profile_action(); return false;\">Eliminar mi perfil<\/button>\n\t\t\t<\/div>\n\t\t<\/div>\n\t<\/div>\n\n\t<div id=\"repost-dialog\">\n\t<div class=\"dialog-title\">\n\t\tCompartir este Post\t<\/div>\n\t<div class=\"dialog-content\">\n\t\t<form class=\"ps-form ps-form--repost ps-form--vertical\">\n\t\t\t<div class=\"ps-form__row\">\n\t\t\t\t<textarea id=\"share-post-box\" class=\"ps-input ps-input--textarea\" placeholder=\"En que estas pensando...\"><\/textarea>\n\t\t\t<\/div>\n\t\t\t<div class=\"ps-form__row\">\n\t\t\t\t<div class=\"ps-dropdown ps-dropdown--menu ps-js-dropdown ps-js-dropdown--privacy\">\n\t\t\t\t\t<button class=\"ps-btn ps-btn--sm ps-dropdown__toggle ps-js-dropdown-toggle\" data-value=\"\">\n\t\t\t\t\t\t<span class=\"dropdown-value\"><i class=\"gcis gci-globe-americas\"><\/i><\/span>\n\t\t\t\t\t<\/button>\n\t\t\t\t\t<input type=\"hidden\" id=\"repost_acc\" name=\"repost_acc\" value=\"10\" \/>\n\t\t\t\t\t<div class=\"ps-dropdown__menu ps-js-dropdown-menu\"><a href=\"#\" data-option-value=\"10\" onclick=\"return \"><i class=\"gcis gci-globe-americas\"><\/i><span>P\u00fablico<\/span><\/a><a href=\"#\" data-option-value=\"20\" onclick=\"return \"><i class=\"gcis gci-user-friends\"><\/i><span>Miembros del sitio<\/span><\/a><a href=\"#\" data-option-value=\"40\" onclick=\"return \"><i class=\"gcis gci-lock\"><\/i><span>S\u00f3lo yo<\/span><\/a><\/div>\t\t\t\t<\/div>\n\t\t\t\t<input type=\"hidden\" id=\"postbox-post-id\" name=\"post_id\" value=\"{post-id}\" \/>\n\t\t\t<\/div>\n\t\t\t<div class=\"ps-form__row\">\n\t\t\t\t<blockquote>\n\t\t\t\t\t{post-content}\n\t\t\t\t<\/blockquote>\n\t\t\t<\/div>\n\t\t<\/form>\n\t<\/div>\n\t<div class=\"dialog-action\">\n\t\t<button type=\"button\" name=\"rep_cacel\" class=\"ps-btn ps-btn--sm\" onclick=\"pswindow.hide(); return false;\">Cancelar<\/button>\n\t\t<button type=\"button\" name=\"rep_submit\" class=\"ps-btn ps-btn--sm ps-btn--action\" onclick=\"activity.submit_repost(); return false;\">Compartir<\/button>\n\t<\/div>\n<\/div>\n\t<div id=\"ps-member-search-html\" class=\"ps-form\">\n\t<div class=\"ps-form-row\">\n        <input value=\"\" type=\"search\" name=\"query\" class=\"ps-input ps-full\" placeholder=\"Comienza a escribir para buscar\u2026\" \/>\n        <input type=\"hidden\" id=\"_wpnonce\" name=\"_wpnonce\" value=\"aa4be97f23\" \/><input type=\"hidden\" name=\"_wp_http_referer\" value=\"\/trabajos\/wp-json\/wp\/v2\/pages\/21459\" \/>\t<\/div>\n\t<div class=\"ps-padding ps-text--center hidden member-search-notice\">\n\t\tNo se encontraron resultados.\t<\/div>\n<\/div>\n\t<\/div>\n<\/div>\n<div style='text-align:center' class='yasr-auto-insert-visitor'><\/div>","protected":false},"excerpt":{"rendered":"","protected":false},"author":1,"featured_media":0,"parent":0,"menu_order":0,"comment_status":"closed","ping_status":"closed","template":"","meta":{"yasr_overall_rating":0,"yasr_post_is_review":"","yasr_auto_insert_disabled":"","yasr_review_type":"","footnotes":""},"class_list":["post-21459","page","type-page","status-publish","hentry"],"yasr_visitor_votes":{"stars_attributes":{"read_only":false,"span_bottom":false},"number_of_votes":1,"sum_votes":5},"_links":{"self":[{"href":"https:\/\/aurema-group.es\/trabajos\/wp-json\/wp\/v2\/pages\/21459","targetHints":{"allow":["GET"]}}],"collection":[{"href":"https:\/\/aurema-group.es\/trabajos\/wp-json\/wp\/v2\/pages"}],"about":[{"href":"https:\/\/aurema-group.es\/trabajos\/wp-json\/wp\/v2\/types\/page"}],"author":[{"embeddable":true,"href":"https:\/\/aurema-group.es\/trabajos\/wp-json\/wp\/v2\/users\/1"}],"replies":[{"embeddable":true,"href":"https:\/\/aurema-group.es\/trabajos\/wp-json\/wp\/v2\/comments?post=21459"}],"version-history":[{"count":0,"href":"https:\/\/aurema-group.es\/trabajos\/wp-json\/wp\/v2\/pages\/21459\/revisions"}],"wp:attachment":[{"href":"https:\/\/aurema-group.es\/trabajos\/wp-json\/wp\/v2\/media?parent=21459"}],"curies":[{"name":"wp","href":"https:\/\/api.w.org\/{rel}","templated":true}]}}